{"id":1109,"date":"2023-05-09T10:35:17","date_gmt":"2023-05-09T10:35:17","guid":{"rendered":"https:\/\/tade-ac.com\/politica-cookies\/"},"modified":"2023-05-11T08:57:49","modified_gmt":"2023-05-11T08:57:49","slug":"politica-cookies","status":"publish","type":"page","link":"https:\/\/tade-ac.com\/ca\/politica-cookies\/","title":{"rendered":"Pol\u00edtica de Cookies"},"content":{"rendered":"<p><strong>Qu\u00e8 s\u00f3n les galetes?<\/strong><\/p>\n<p>Una galeta \u00e9s un fitxer o dispositiu que es descarrega a l&#8217;equip terminal d&#8217;un usuari amb la finalitat d&#8217;emmagatzemar dades que podran ser actualitzades i recuperades per l&#8217;entitat responsable de la instal\u00b7laci\u00f3. \u00c9s a dir, \u00e9s un fitxer que es descarrega al vostre ordinador en accedir a determinades p\u00e0gines web. Les galetes permeten a una p\u00e0gina web, entre altres coses, emmagatzemar i recuperar informaci\u00f3 sobre els h\u00e0bits de navegaci\u00f3 d&#8217;un usuari o del seu equip i, depenent de la informaci\u00f3 que continguin i de la manera com utilitzi el seu equip, es poden utilitzar per recon\u00e8ixer a l&#8217;usuari.<\/p>\n<p>Les seves funcions principals s\u00f3n:<\/p>\n<ul>\n<li>Portar el control d&#8217;usuaris: quan un usuari introdueix el vostre nom d&#8217;usuari i contrasenya, s&#8217;emmagatzema una galeta perqu\u00e8 no hagi d&#8217;estar introduint-les per a cada p\u00e0gina del servidor. No obstant aix\u00f2, una galeta no identifica nom\u00e9s una persona, sin\u00f3 una combinaci\u00f3 de computador-navegador-usuari.<\/li>\n<li>Aconseguir informaci\u00f3 sobre els h\u00e0bits de navegaci\u00f3 de l&#8217;usuari, i intents de programari espia (programes espia), per part d&#8217;ag\u00e8ncies de publicitat i altres. Aix\u00f2 pot causar problemes de privadesa i \u00e9s una de les raons per la qual les cookies tenen els seus detractors.<\/li>\n<\/ul>\n<p>Hi ha diferents tipus de galetes en funci\u00f3, sobretot, de la finalitat per a la qual s\u00f3n utilitzades, aix\u00ed es distingeixen, entre d&#8217;altres les seg\u00fcents: Galetes d&#8217;an\u00e0lisi: aquestes galetes s&#8217;utilitzen per dur a terme una an\u00e0lisi dels comportaments i accions dels usuaris de la p\u00e0gina web aix\u00ed com per a l&#8217;elaboraci\u00f3 de perfils de navegaci\u00f3 per tal de fer millores t\u00e8cniques de funcionament i de servei.<br \/>\nGaletes publicit\u00e0ries: permeten una gesti\u00f3 eficient d&#8217;espais publicitaris en base a una s\u00e8rie de criteris, per exemple, verificar si l&#8217;usuari ja ha tingut acc\u00e9s o no a una not\u00edcia per procedir a actualitzar-la amb una altra de nova.<br \/>\nGaletes de publicitat comportamental: aquestes galetes s&#8217;encarreguen d&#8217;emmagatzemar informaci\u00f3 del propi comportament dels usuaris centrant-se en els seus h\u00e0bits de navegaci\u00f3. Aix\u00f2 permet establir perfils d&#8217;usuari en funci\u00f3 del comportament i utilitzar-los per personalitzar la publicitat presentada.<br \/>\nSi l&#8217;usuari vol obtenir m\u00e9s informaci\u00f3 sobre les cookies pot consultar el lloc web seg\u00fcent http:\/\/www.aboutcookies.org\/<\/p>\n<p>Aquesta p\u00e0gina web est\u00e0 utilitzant galetes que permeten facilitar a l&#8217;usuari l&#8217;\u00fas i la navegaci\u00f3 a trav\u00e9s d&#8217;aquesta, garantir l&#8217;acc\u00e9s a determinats serveis, aix\u00ed com millorar la configuraci\u00f3 funcional del web.<\/p>\n<p>Concretament, aquesta p\u00e0gina web utilitza les cookies seg\u00fcents:<\/p>\n<p>&nbsp;<\/p>\n<p><strong>Resum de Cookies<\/strong><\/p>\n<p>Tipus: An\u00e0lisi<br \/>\nNom: Google Analytics<br \/>\nDe sessi\u00f3\/Persistents: Persistents<br \/>\nPr\u00f2pies\/Tercers: De tercers<\/p>\n<p><strong>Com gestionar la configuraci\u00f3 de les galetes?<\/strong><\/p>\n<p>En aquest apartat es porta a terme una breu exposici\u00f3 de com consultar i dur a terme la configuraci\u00f3 del sistema de cookies en relaci\u00f3 amb els navegadors m\u00e9s comuns o m\u00e9s utilitzats pels usuaris.<\/p>\n<p>En aquest sentit, pr\u00e0cticament tots els navegadors permeten a l&#8217;usuari obtenir informaci\u00f3 general sobre les galetes instal\u00b7lades en una p\u00e0gina web, concretament verificar-ne l&#8217;exist\u00e8ncia, la durada o el sistema d&#8217;eliminaci\u00f3. En aquest sentit, a t\u00edtol informatiu, es faciliten una s\u00e8rie d&#8217;enlla\u00e7os relacionats:<\/p>\n<ul>\n<li>Google Chrome<\/li>\n<li>Mozilla Firefox<\/li>\n<li>Internet Explorer<\/li>\n<\/ul>\n<p>D&#8217;altra banda, l&#8217;usuari podr\u00e0 permetre, bloquejar o eliminar les cookies instal\u00b7lades al vostre equip modificant la configuraci\u00f3 del vostre navegador d&#8217;acord amb les instruccions indicades. A t\u00edtol informatiu s&#8217;indica que habitualment la configuraci\u00f3 de les cookies se sol dur a terme al men\u00fa \u201cPrefer\u00e8ncies\u201d o \u201cEines\u201d de cada navegador, en qualsevol cas, sempre podreu acudir a l&#8217;ajuda del vostre navegador per solucionar o resoldre els dubtes que se li generin sobre aix\u00f2. Conv\u00e9 tenir en compte que, si s&#8217;impedeix la instal\u00b7laci\u00f3 de totes les cookies, el contingut de la web, aix\u00ed com determinades funcionalitats i serveis facilitats per aquesta poden veure&#8217;s afectats.<\/p>\n","protected":false},"excerpt":{"rendered":"<p>Qu\u00e8 s\u00f3n les galetes? Una galeta \u00e9s un fitxer o dispositiu que es descarrega a l&#8217;equip terminal d&#8217;un usuari amb la finalitat d&#8217;emmagatzemar dades que podran ser actualitzades i recuperades per l&#8217;entitat responsable de la instal\u00b7laci\u00f3. \u00c9s a dir, \u00e9s un fitxer que es descarrega al vostre ordinador en accedir a determinades p\u00e0gines web. Les [&hellip;]<\/p>\n","protected":false},"author":1,"featured_media":0,"parent":0,"menu_order":0,"comment_status":"closed","ping_status":"closed","template":"","meta":{"footnotes":""},"class_list":["post-1109","page","type-page","status-publish","hentry"],"yoast_head":"<!-- This site is optimized with the Yoast SEO plugin v20.8 - https:\/\/yoast.com\/wordpress\/plugins\/seo\/ -->\n<title>Pol\u00edtica de Cookies<\/title>\n<meta name=\"robots\" content=\"noindex, nofollow\" \/>\n<meta property=\"og:locale\" content=\"ca_ES\" \/>\n<meta property=\"og:type\" content=\"article\" \/>\n<meta property=\"og:title\" content=\"Pol\u00edtica de Cookies\" \/>\n<meta property=\"og:description\" content=\"Qu\u00e8 s\u00f3n les galetes? Una galeta \u00e9s un fitxer o dispositiu que es descarrega a l&#8217;equip terminal d&#8217;un usuari amb la finalitat d&#8217;emmagatzemar dades que podran ser actualitzades i recuperades per l&#8217;entitat responsable de la instal\u00b7laci\u00f3. \u00c9s a dir, \u00e9s un fitxer que es descarrega al vostre ordinador en accedir a determinades p\u00e0gines web. Les [&hellip;]\" \/>\n<meta property=\"og:url\" content=\"https:\/\/tade-ac.com\/ca\/politica-cookies\/\" \/>\n<meta property=\"og:site_name\" content=\"Tade-AC\" \/>\n<meta property=\"article:modified_time\" content=\"2023-05-11T08:57:49+00:00\" \/>\n<meta property=\"og:image\" content=\"https:\/\/tade-ac.com\/wp-content\/uploads\/2023\/05\/FV-slider_comp.webp\" \/>\n\t<meta property=\"og:image:width\" content=\"1903\" \/>\n\t<meta property=\"og:image:height\" content=\"550\" \/>\n\t<meta property=\"og:image:type\" content=\"image\/webp\" \/>\n<meta name=\"twitter:card\" content=\"summary_large_image\" \/>\n<meta name=\"twitter:label1\" content=\"Temps estimat de lectura\" \/>\n\t<meta name=\"twitter:data1\" content=\"3 minuts\" \/>\n<script type=\"application\/ld+json\" class=\"yoast-schema-graph\">{\"@context\":\"https:\/\/schema.org\",\"@graph\":[{\"@type\":\"WebPage\",\"@id\":\"https:\/\/tade-ac.com\/ca\/politica-cookies\/\",\"url\":\"https:\/\/tade-ac.com\/ca\/politica-cookies\/\",\"name\":\"Pol\u00edtica de Cookies\",\"isPartOf\":{\"@id\":\"https:\/\/tade-ac.com\/#website\"},\"datePublished\":\"2023-05-09T10:35:17+00:00\",\"dateModified\":\"2023-05-11T08:57:49+00:00\",\"breadcrumb\":{\"@id\":\"https:\/\/tade-ac.com\/ca\/politica-cookies\/#breadcrumb\"},\"inLanguage\":\"ca\",\"potentialAction\":[{\"@type\":\"ReadAction\",\"target\":[\"https:\/\/tade-ac.com\/ca\/politica-cookies\/\"]}]},{\"@type\":\"BreadcrumbList\",\"@id\":\"https:\/\/tade-ac.com\/ca\/politica-cookies\/#breadcrumb\",\"itemListElement\":[{\"@type\":\"ListItem\",\"position\":1,\"name\":\"Portada\",\"item\":\"https:\/\/tade-ac.com\/ca\/\"},{\"@type\":\"ListItem\",\"position\":2,\"name\":\"Pol\u00edtica de Cookies\"}]},{\"@type\":\"WebSite\",\"@id\":\"https:\/\/tade-ac.com\/#website\",\"url\":\"https:\/\/tade-ac.com\/\",\"name\":\"Tade-AC\",\"description\":\"Especialistas con 20 a\u00f1os de experiencia en ingenier\u00eda y soluciones integrales\",\"publisher\":{\"@id\":\"https:\/\/tade-ac.com\/#organization\"},\"alternateName\":\"Tade ac Ingenieros\",\"potentialAction\":[{\"@type\":\"SearchAction\",\"target\":{\"@type\":\"EntryPoint\",\"urlTemplate\":\"https:\/\/tade-ac.com\/?s={search_term_string}\"},\"query-input\":\"required name=search_term_string\"}],\"inLanguage\":\"ca\"},{\"@type\":\"Organization\",\"@id\":\"https:\/\/tade-ac.com\/#organization\",\"name\":\"TADE AC\",\"alternateName\":\"TADE AC ingenier\u00eda\",\"url\":\"https:\/\/tade-ac.com\/\",\"logo\":{\"@type\":\"ImageObject\",\"inLanguage\":\"ca\",\"@id\":\"https:\/\/tade-ac.com\/#\/schema\/logo\/image\/\",\"url\":\"https:\/\/tade-ac.com\/wp-content\/uploads\/2022\/11\/logo-tade-ac.png\",\"contentUrl\":\"https:\/\/tade-ac.com\/wp-content\/uploads\/2022\/11\/logo-tade-ac.png\",\"width\":179,\"height\":117,\"caption\":\"TADE AC\"},\"image\":{\"@id\":\"https:\/\/tade-ac.com\/#\/schema\/logo\/image\/\"}}]}<\/script>\n<!-- \/ Yoast SEO plugin. -->","yoast_head_json":{"title":"Pol\u00edtica de Cookies","robots":{"index":"noindex","follow":"nofollow"},"og_locale":"ca_ES","og_type":"article","og_title":"Pol\u00edtica de Cookies","og_description":"Qu\u00e8 s\u00f3n les galetes? Una galeta \u00e9s un fitxer o dispositiu que es descarrega a l&#8217;equip terminal d&#8217;un usuari amb la finalitat d&#8217;emmagatzemar dades que podran ser actualitzades i recuperades per l&#8217;entitat responsable de la instal\u00b7laci\u00f3. \u00c9s a dir, \u00e9s un fitxer que es descarrega al vostre ordinador en accedir a determinades p\u00e0gines web. Les [&hellip;]","og_url":"https:\/\/tade-ac.com\/ca\/politica-cookies\/","og_site_name":"Tade-AC","article_modified_time":"2023-05-11T08:57:49+00:00","og_image":[{"width":1903,"height":550,"url":"https:\/\/tade-ac.com\/wp-content\/uploads\/2023\/05\/FV-slider_comp.webp","type":"image\/webp"}],"twitter_card":"summary_large_image","twitter_misc":{"Temps estimat de lectura":"3 minuts"},"schema":{"@context":"https:\/\/schema.org","@graph":[{"@type":"WebPage","@id":"https:\/\/tade-ac.com\/ca\/politica-cookies\/","url":"https:\/\/tade-ac.com\/ca\/politica-cookies\/","name":"Pol\u00edtica de Cookies","isPartOf":{"@id":"https:\/\/tade-ac.com\/#website"},"datePublished":"2023-05-09T10:35:17+00:00","dateModified":"2023-05-11T08:57:49+00:00","breadcrumb":{"@id":"https:\/\/tade-ac.com\/ca\/politica-cookies\/#breadcrumb"},"inLanguage":"ca","potentialAction":[{"@type":"ReadAction","target":["https:\/\/tade-ac.com\/ca\/politica-cookies\/"]}]},{"@type":"BreadcrumbList","@id":"https:\/\/tade-ac.com\/ca\/politica-cookies\/#breadcrumb","itemListElement":[{"@type":"ListItem","position":1,"name":"Portada","item":"https:\/\/tade-ac.com\/ca\/"},{"@type":"ListItem","position":2,"name":"Pol\u00edtica de Cookies"}]},{"@type":"WebSite","@id":"https:\/\/tade-ac.com\/#website","url":"https:\/\/tade-ac.com\/","name":"Tade-AC","description":"Especialistas con 20 a\u00f1os de experiencia en ingenier\u00eda y soluciones integrales","publisher":{"@id":"https:\/\/tade-ac.com\/#organization"},"alternateName":"Tade ac Ingenieros","potentialAction":[{"@type":"SearchAction","target":{"@type":"EntryPoint","urlTemplate":"https:\/\/tade-ac.com\/?s={search_term_string}"},"query-input":"required name=search_term_string"}],"inLanguage":"ca"},{"@type":"Organization","@id":"https:\/\/tade-ac.com\/#organization","name":"TADE AC","alternateName":"TADE AC ingenier\u00eda","url":"https:\/\/tade-ac.com\/","logo":{"@type":"ImageObject","inLanguage":"ca","@id":"https:\/\/tade-ac.com\/#\/schema\/logo\/image\/","url":"https:\/\/tade-ac.com\/wp-content\/uploads\/2022\/11\/logo-tade-ac.png","contentUrl":"https:\/\/tade-ac.com\/wp-content\/uploads\/2022\/11\/logo-tade-ac.png","width":179,"height":117,"caption":"TADE AC"},"image":{"@id":"https:\/\/tade-ac.com\/#\/schema\/logo\/image\/"}}]}},"_links":{"self":[{"href":"https:\/\/tade-ac.com\/ca\/wp-json\/wp\/v2\/pages\/1109","targetHints":{"allow":["GET"]}}],"collection":[{"href":"https:\/\/tade-ac.com\/ca\/wp-json\/wp\/v2\/pages"}],"about":[{"href":"https:\/\/tade-ac.com\/ca\/wp-json\/wp\/v2\/types\/page"}],"author":[{"embeddable":true,"href":"https:\/\/tade-ac.com\/ca\/wp-json\/wp\/v2\/users\/1"}],"replies":[{"embeddable":true,"href":"https:\/\/tade-ac.com\/ca\/wp-json\/wp\/v2\/comments?post=1109"}],"version-history":[{"count":2,"href":"https:\/\/tade-ac.com\/ca\/wp-json\/wp\/v2\/pages\/1109\/revisions"}],"predecessor-version":[{"id":1122,"href":"https:\/\/tade-ac.com\/ca\/wp-json\/wp\/v2\/pages\/1109\/revisions\/1122"}],"wp:attachment":[{"href":"https:\/\/tade-ac.com\/ca\/wp-json\/wp\/v2\/media?parent=1109"}],"curies":[{"name":"wp","href":"https:\/\/api.w.org\/{rel}","templated":true}]}}